{"id":243,"date":"2018-12-21T10:17:47","date_gmt":"2018-12-21T10:17:47","guid":{"rendered":"https:\/\/moralescom.com\/site\/?page_id=243"},"modified":"2021-05-08T15:53:27","modified_gmt":"2021-05-08T15:53:27","slug":"comunicacion-perceptual","status":"publish","type":"page","link":"https:\/\/moralescom.com\/site\/comunicacion-perceptual\/","title":{"rendered":"C\u00d3MO"},"content":{"rendered":"\t\t<div data-elementor-type=\"wp-post\" data-elementor-id=\"243\" class=\"elementor elementor-243\" data-elementor-post-type=\"page\">\n\t\t\t\t\t\t<section class=\"elementor-section elementor-top-section elementor-element elementor-element-bb70d46 elementor-section-full_width elementor-section-stretched elementor-section-height-default elementor-section-height-default\" data-id=\"bb70d46\" data-element_type=\"section\" data-e-type=\"section\" data-settings=\"{&quot;stretch_section&quot;:&quot;section-stretched&quot;}\">\n\t\t\t\t\t\t<div class=\"elementor-container elementor-column-gap-default\">\n\t\t\t\t\t<div class=\"elementor-column elementor-col-100 elementor-top-column elementor-element elementor-element-c222d33\" data-id=\"c222d33\" data-element_type=\"column\" data-e-type=\"column\">\n\t\t\t<div class=\"elementor-widget-wrap elementor-element-populated\">\n\t\t\t\t\t\t<div class=\"elementor-element elementor-element-f461b91 elementor-widget elementor-widget-slider_revolution\" data-id=\"f461b91\" data-element_type=\"widget\" data-e-type=\"widget\" data-widget_type=\"slider_revolution.default\">\n\t\t\t\t<div class=\"elementor-widget-container\">\n\t\t\t\t\t\n\t\t<div class=\"wp-block-themepunch-revslider\">\n\t\t\t<!-- START C\u00d3MO REVOLUTION SLIDER 6.7.18 --><p class=\"rs-p-wp-fix\"><\/p>\n\t\t\t<rs-module-wrap id=\"rev_slider_16_1_wrapper\" data-source=\"gallery\" style=\"visibility:hidden;background:transparent;padding:0;margin:0px auto;margin-top:0;margin-bottom:0;\">\n\t\t\t\t<rs-module id=\"rev_slider_16_1\" style=\"\" data-version=\"6.7.18\">\n\t\t\t\t\t<rs-slides style=\"overflow: hidden; position: absolute;\">\n\t\t\t\t\t\t<rs-slide style=\"position: absolute;\" data-key=\"rs-68\" data-title=\"Slide\" data-anim=\"ms:580;r:0;\" data-in=\"o:0;\" data-out=\"a:false;\">\n\t\t\t\t\t\t\t<img data-recalc-dims=\"1\" fetchpriority=\"high\" decoding=\"async\" src=\"https:\/\/i0.wp.com\/moralescom.com\/site\/wp-content\/plugins\/revslider\/sr6\/assets\/assets\/dummy.png?resize=1200%2C675\" alt=\"\" title=\"_0004__4212461\" width=\"1200\" height=\"675\" class=\"rev-slidebg tp-rs-img rs-lazyload\" data-lazyload=\"\/\/moralescom.com\/site\/wp-content\/uploads\/2021\/01\/0004__4212461.jpg\" data-panzoom=\"d:10000;ss:100;se:100;os:120\/0;\" data-no-retina>\n<!--\n\t\t\t\t\t\t\t--><rs-layer\n\t\t\t\t\t\t\t\tid=\"slider-16-slide-68-layer-25\" \n\t\t\t\t\t\t\t\tdata-type=\"text\"\n\t\t\t\t\t\t\t\tdata-color=\"#ffffff\"\n\t\t\t\t\t\t\t\tdata-rsp_ch=\"on\"\n\t\t\t\t\t\t\t\tdata-xy=\"x:27px;y:c;yo:41px;\"\n\t\t\t\t\t\t\t\tdata-text=\"w:normal;s:23;l:23;\"\n\t\t\t\t\t\t\t\tdata-dim=\"w:1126px;\"\n\t\t\t\t\t\t\t\tdata-frame_1=\"st:590;sp:710;sR:590;\"\n\t\t\t\t\t\t\t\tdata-frame_999=\"o:0;e:power4.inOut;st:w;sR:7700;\"\n\t\t\t\t\t\t\t\tstyle=\"z-index:9;background-color:rgba(12,12,12,0.63);font-family:'Montserrat';\"\n\t\t\t\t\t\t\t>Con el Modelo de Comunicaci\u00f3n Perceptual, que derrumba todos los dogmas de la Publicidad y el Marketing al esclarecer tres poderosos conceptos:<br \/>\n \n\t\t\t\t\t\t\t<\/rs-layer><!--\n\n\t\t\t\t\t\t\t--><rs-layer\n\t\t\t\t\t\t\t\tid=\"slider-16-slide-68-layer-26\" \n\t\t\t\t\t\t\t\tdata-type=\"text\"\n\t\t\t\t\t\t\t\tdata-color=\"#ffffff\"\n\t\t\t\t\t\t\t\tdata-rsp_ch=\"on\"\n\t\t\t\t\t\t\t\tdata-xy=\"x:28px;y:c;yo:-50px;\"\n\t\t\t\t\t\t\t\tdata-text=\"w:normal;s:40;l:50;fw:700;\"\n\t\t\t\t\t\t\t\tdata-dim=\"w:242px;\"\n\t\t\t\t\t\t\t\tdata-frame_1=\"st:590;sp:710;sR:590;\"\n\t\t\t\t\t\t\t\tdata-frame_999=\"o:0;e:power4.inOut;st:w;sR:7700;\"\n\t\t\t\t\t\t\t\tstyle=\"z-index:8;font-family:'Montserrat';\"\n\t\t\t\t\t\t\t>C\u00d3MO \n\t\t\t\t\t\t\t<\/rs-layer><!--\n\n\t\t\t\t\t\t\t--><rs-layer\n\t\t\t\t\t\t\t\tid=\"slider-16-slide-68-layer-28\" \n\t\t\t\t\t\t\t\tdata-type=\"text\"\n\t\t\t\t\t\t\t\tdata-color=\"#ffffff\"\n\t\t\t\t\t\t\t\tdata-rsp_ch=\"on\"\n\t\t\t\t\t\t\t\tdata-xy=\"x:r;y:b;yo:5px;\"\n\t\t\t\t\t\t\t\tdata-text=\"w:normal;s:15;l:10;\"\n\t\t\t\t\t\t\t\tdata-frame_999=\"o:0;st:w;\"\n\t\t\t\t\t\t\t\tstyle=\"z-index:10;font-family:'Roboto';\"\n\t\t\t\t\t\t\t>FOTOGRAF\u00cdA: Fernando Biancardi \n\t\t\t\t\t\t\t<\/rs-layer><!--\n-->\t\t\t\t\t<\/rs-slide>\n\t\t\t\t\t<\/rs-slides>\n\t\t\t\t<\/rs-module>\n\t\t\t\t<script>\n\t\t\t\t\tsetREVStartSize({c: 'rev_slider_16_1',rl:[1240,1024,778,480],el:[400],gw:[1240],gh:[400],type:'standard',justify:'',layout:'fullwidth',mh:\"0\"});if (window.RS_MODULES!==undefined && window.RS_MODULES.modules!==undefined && window.RS_MODULES.modules[\"revslider161\"]!==undefined) {window.RS_MODULES.modules[\"revslider161\"].once = false;window.revapi16 = undefined;if (window.RS_MODULES.checkMinimal!==undefined) window.RS_MODULES.checkMinimal()}\n\t\t\t\t<\/script>\n\t\t\t<\/rs-module-wrap>\n\t\t\t<!-- END REVOLUTION SLIDER -->\n<\/div>\n\n\t\t\t\t\t\t<\/div>\n\t\t\t\t<\/div>\n\t\t\t\t\t<\/div>\n\t\t<\/div>\n\t\t\t\t\t<\/div>\n\t\t<\/section>\n\t\t\t\t<section class=\"elementor-section elementor-top-section elementor-element elementor-element-19f1b91 elementor-section-boxed elementor-section-height-default elementor-section-height-default\" data-id=\"19f1b91\" data-element_type=\"section\" data-e-type=\"section\">\n\t\t\t\t\t\t<div class=\"elementor-container elementor-column-gap-default\">\n\t\t\t\t\t<div class=\"elementor-column elementor-col-100 elementor-top-column elementor-element elementor-element-044c1c4\" data-id=\"044c1c4\" data-element_type=\"column\" data-e-type=\"column\">\n\t\t\t<div class=\"elementor-widget-wrap elementor-element-populated\">\n\t\t\t\t\t\t<div class=\"elementor-element elementor-element-ac1bc36 elementor-widget elementor-widget-image\" data-id=\"ac1bc36\" data-element_type=\"widget\" data-e-type=\"widget\" data-widget_type=\"image.default\">\n\t\t\t\t<div class=\"elementor-widget-container\">\n\t\t\t\t\t\t\t\t\t\t\t\t\t\t\t<img decoding=\"async\" width=\"1500\" height=\"622\" src=\"https:\/\/i0.wp.com\/moralescom.com\/site\/wp-content\/uploads\/2021\/02\/Como-copia.png?fit=1500%2C622&amp;ssl=1\" class=\"attachment-full size-full wp-image-4873\" alt=\"\" srcset=\"https:\/\/i0.wp.com\/moralescom.com\/site\/wp-content\/uploads\/2021\/02\/Como-copia.png?w=1500&amp;ssl=1 1500w, https:\/\/i0.wp.com\/moralescom.com\/site\/wp-content\/uploads\/2021\/02\/Como-copia.png?resize=300%2C124&amp;ssl=1 300w, https:\/\/i0.wp.com\/moralescom.com\/site\/wp-content\/uploads\/2021\/02\/Como-copia.png?resize=1024%2C425&amp;ssl=1 1024w, https:\/\/i0.wp.com\/moralescom.com\/site\/wp-content\/uploads\/2021\/02\/Como-copia.png?resize=768%2C318&amp;ssl=1 768w, https:\/\/i0.wp.com\/moralescom.com\/site\/wp-content\/uploads\/2021\/02\/Como-copia.png?resize=600%2C249&amp;ssl=1 600w\" sizes=\"(max-width: 1200px) 100vw, 1200px\" \/>\t\t\t\t\t\t\t\t\t\t\t\t\t\t\t<\/div>\n\t\t\t\t<\/div>\n\t\t\t\t\t<\/div>\n\t\t<\/div>\n\t\t\t\t\t<\/div>\n\t\t<\/section>\n\t\t\t\t<section class=\"elementor-section elementor-top-section elementor-element elementor-element-ae85e48 elementor-hidden-desktop elementor-hidden-tablet elementor-hidden-phone elementor-section-boxed elementor-section-height-default elementor-section-height-default\" data-id=\"ae85e48\" data-element_type=\"section\" data-e-type=\"section\">\n\t\t\t\t\t\t<div class=\"elementor-container elementor-column-gap-default\">\n\t\t\t\t\t<div class=\"elementor-column elementor-col-33 elementor-top-column elementor-element elementor-element-ad87d58\" data-id=\"ad87d58\" data-element_type=\"column\" data-e-type=\"column\">\n\t\t\t<div class=\"elementor-widget-wrap elementor-element-populated\">\n\t\t\t\t\t\t<div class=\"elementor-element elementor-element-c4625f8 elementor-widget elementor-widget-text-editor\" data-id=\"c4625f8\" data-element_type=\"widget\" data-e-type=\"widget\" data-widget_type=\"text-editor.default\">\n\t\t\t\t<div class=\"elementor-widget-container\">\n\t\t\t\t\t\t\t\t\tLa realidad no existe. Hay tantas realidades como individuos, cada quien percibe la realidad desde su perspectiva.\t\t\t\t\t\t\t\t<\/div>\n\t\t\t\t<\/div>\n\t\t\t\t\t<\/div>\n\t\t<\/div>\n\t\t\t\t<div class=\"elementor-column elementor-col-33 elementor-top-column elementor-element elementor-element-b64003b\" data-id=\"b64003b\" data-element_type=\"column\" data-e-type=\"column\">\n\t\t\t<div class=\"elementor-widget-wrap elementor-element-populated\">\n\t\t\t\t\t\t<div class=\"elementor-element elementor-element-479e346 elementor-widget elementor-widget-text-editor\" data-id=\"479e346\" data-element_type=\"widget\" data-e-type=\"widget\" data-widget_type=\"text-editor.default\">\n\t\t\t\t<div class=\"elementor-widget-container\">\n\t\t\t\t\t\t\t\t\tLos p\u00fablicos objetivos son personas. Ni el ingreso,econ\u00f3mico, ni el g\u00e9nero, ni la ubicaci\u00f3n geogr\u00e1fica, ni el nivel de estudio, ni la edad, esclarecen de maneracontundente c\u00f3mo piensan, en qu\u00e9 creen y c\u00f3mo percibenel mundo los diferentes p\u00fablicos. Solo las personas tienen creencias.\t\t\t\t\t\t\t\t<\/div>\n\t\t\t\t<\/div>\n\t\t\t\t\t<\/div>\n\t\t<\/div>\n\t\t\t\t<div class=\"elementor-column elementor-col-33 elementor-top-column elementor-element elementor-element-731cef0\" data-id=\"731cef0\" data-element_type=\"column\" data-e-type=\"column\">\n\t\t\t<div class=\"elementor-widget-wrap elementor-element-populated\">\n\t\t\t\t\t\t<div class=\"elementor-element elementor-element-92ac214 elementor-widget elementor-widget-text-editor\" data-id=\"92ac214\" data-element_type=\"widget\" data-e-type=\"widget\" data-widget_type=\"text-editor.default\">\n\t\t\t\t<div class=\"elementor-widget-container\">\n\t\t\t\t\t\t\t\t\tLas creencias determinan a los p\u00fablicos objetivosTodas las percepciones, los actos de los individuos, sus deseos, sus necesidades, sus decisiones, los establecen sus creencias.\t\t\t\t\t\t\t\t<\/div>\n\t\t\t\t<\/div>\n\t\t\t\t\t<\/div>\n\t\t<\/div>\n\t\t\t\t\t<\/div>\n\t\t<\/section>\n\t\t\t\t<section class=\"elementor-section elementor-top-section elementor-element elementor-element-30504ed elementor-section-boxed elementor-section-height-default elementor-section-height-default\" data-id=\"30504ed\" data-element_type=\"section\" data-e-type=\"section\">\n\t\t\t\t\t\t<div class=\"elementor-container elementor-column-gap-default\">\n\t\t\t\t\t<div class=\"elementor-column elementor-col-100 elementor-top-column elementor-element elementor-element-6691ade\" data-id=\"6691ade\" data-element_type=\"column\" data-e-type=\"column\">\n\t\t\t<div class=\"elementor-widget-wrap elementor-element-populated\">\n\t\t\t\t\t\t<div class=\"elementor-element elementor-element-7d4ada5 elementor-widget elementor-widget-text-editor\" data-id=\"7d4ada5\" data-element_type=\"widget\" data-e-type=\"widget\" data-widget_type=\"text-editor.default\">\n\t\t\t\t<div class=\"elementor-widget-container\">\n\t\t\t\t\t\t\t\t\t<p>Estos tres conceptos orientan la construcci\u00f3n de las <strong>Matrices de la Comunicaci\u00f3n Perceptual.<\/strong><\/p>\t\t\t\t\t\t\t\t<\/div>\n\t\t\t\t<\/div>\n\t\t\t\t\t<\/div>\n\t\t<\/div>\n\t\t\t\t\t<\/div>\n\t\t<\/section>\n\t\t\t\t<\/div>\n\t\t","protected":false},"excerpt":{"rendered":"<p>La realidad no existe. Hay tantas realidades como individuos, cada quien percibe la realidad desde su perspectiva.Los p\u00fablicos objetivos son personas. Ni el ingreso,econ\u00f3mico, ni el g\u00e9nero, ni la ubicaci\u00f3n geogr\u00e1fica, ni el nivel de estudio, ni la edad, esclarecen de maneracontundente c\u00f3mo piensan, en qu\u00e9 creen y c\u00f3mo percibenel mundo los diferentes p\u00fablicos. Solo [&hellip;]<\/p>\n","protected":false},"author":1,"featured_media":0,"parent":0,"menu_order":0,"comment_status":"closed","ping_status":"closed","template":"elementor_header_footer","meta":{"nf_dc_page":"","om_disable_all_campaigns":false,"_monsterinsights_skip_tracking":false,"_monsterinsights_sitenote_active":false,"_monsterinsights_sitenote_note":"","_monsterinsights_sitenote_category":0,"footnotes":""},"class_list":["post-243","page","type-page","status-publish","hentry"],"jetpack_sharing_enabled":true,"_links":{"self":[{"href":"https:\/\/moralescom.com\/site\/wp-json\/wp\/v2\/pages\/243","targetHints":{"allow":["GET"]}}],"collection":[{"href":"https:\/\/moralescom.com\/site\/wp-json\/wp\/v2\/pages"}],"about":[{"href":"https:\/\/moralescom.com\/site\/wp-json\/wp\/v2\/types\/page"}],"author":[{"embeddable":true,"href":"https:\/\/moralescom.com\/site\/wp-json\/wp\/v2\/users\/1"}],"replies":[{"embeddable":true,"href":"https:\/\/moralescom.com\/site\/wp-json\/wp\/v2\/comments?post=243"}],"version-history":[{"count":5,"href":"https:\/\/moralescom.com\/site\/wp-json\/wp\/v2\/pages\/243\/revisions"}],"predecessor-version":[{"id":5095,"href":"https:\/\/moralescom.com\/site\/wp-json\/wp\/v2\/pages\/243\/revisions\/5095"}],"wp:attachment":[{"href":"https:\/\/moralescom.com\/site\/wp-json\/wp\/v2\/media?parent=243"}],"curies":[{"name":"wp","href":"https:\/\/api.w.org\/{rel}","templated":true}]}}